{"id":4970,"date":"2021-05-05T20:58:37","date_gmt":"2021-05-05T20:58:37","guid":{"rendered":"https:\/\/www.coachingsystems.cz\/?page_id=4970"},"modified":"2021-05-05T20:58:37","modified_gmt":"2021-05-05T20:58:37","slug":"books","status":"publish","type":"page","link":"https:\/\/www.coachingsystems.cz\/en\/media\/books\/","title":{"rendered":"Books"},"content":{"rendered":"<div class=\"bt_bb_wrapper\"><section id=\"bt_bb_section69f3f44c080aa\"  class=\"bt_bb_section bt_bb_top_spacing_extra_small bt_bb_layout_boxed_1200 bt_bb_vertical_align_top bt_bb_highlighted_no\" ><div class=\"bt_bb_port\"><div class=\"bt_bb_cell\"><div class=\"bt_bb_cell_inner\"><div class=\"bt_bb_row_wrapper\"><div  class=\"bt_bb_row bt_bb_column_gap_10 bt_bb_hidden_xs bt_bb_hidden_ms\" ><div  class=\"bt_bb_column col-xl-3 bt_bb_align_left bt_bb_vertical_align_top bt_bb_padding_text_indent bt_bb_animation_fade_in bt_bb_animation_move_up animate bt_bb_highlighted_no\" style=\"margin-bottom: 20px;\" data-width=\"3\" data-bt-override-class=\"{&quot;bt_bb_align_&quot;:{&quot;current_class&quot;:&quot;bt_bb_align_left&quot;,&quot;xl&quot;:&quot;left&quot;}}\"><div class=\"bt_bb_column_content\" style=\"background-color:rgba(237, 237, 237, 1);\"><div class=\"bt_bb_column_content_inner\"><div class=\"bt_bb_image btDarkSkin bt_bb_shape_square bt_bb_align_inherit bt_bb_hover_style_simple bt_bb_content_display_show-on-hover bt_bb_content_align_top\" data-bt-override-class=\"{&quot;bt_bb_align_&quot;:{&quot;current_class&quot;:&quot;bt_bb_align_inherit&quot;,&quot;xl&quot;:&quot;inherit&quot;}}\"><a href=\"https:\/\/www.grada.cz\/jak-zefektivnit-praci-v-tymu-4167\/\"  target=\"_self\"  title=\"716244_350_0_fit\"><img width=\"350\" height=\"502\" src=\"https:\/\/www.coachingsystems.cz\/wp-content\/uploads\/716244_350_0_fit.jpg\" class=\"attachment-medium size-medium\" alt=\"https:\/\/www.coachingsystems.cz\/wp-content\/uploads\/716244_350_0_fit.jpg\" data-full_image_src=\"https:\/\/www.coachingsystems.cz\/wp-content\/uploads\/716244_350_0_fit.jpg\" title=\"716244_350_0_fit\" srcset=\"https:\/\/www.coachingsystems.cz\/wp-content\/uploads\/716244_350_0_fit.jpg 350w, https:\/\/www.coachingsystems.cz\/wp-content\/uploads\/716244_350_0_fit-320x459.jpg 320w\" sizes=\"(max-width: 350px) 100vw, 350px\" \/><\/a><\/div><div class=\"bt_bb_separator bt_bb_bottom_spacing_normal bt_bb_border_style_none\"><\/div><header class=\"bt_bb_headline bt_bb_color_scheme_3 bt_bb_dash_top bt_bb_size_normal bt_bb_align_inherit\"><h4><span class=\"bt_bb_headline_content\"><span><a href=\"https:\/\/www.grada.cz\/jak-zefektivnit-praci-v-tymu\" target=\"_self\" title=\"Jak zefektivnit pr\u00e1ci v t\u00fdmu\">Jak zefektivnit pr\u00e1ci v t\u00fdmu<\/a><\/span><\/span><\/h4><\/header><div class=\"bt_bb_separator bt_bb_top_spacing_extra_small bt_bb_bottom_spacing_normal bt_bb_border_style_none\"><\/div><div  class=\"bt_bb_text\" ><\/div><div class=\"bt_bb_separator bt_bb_top_spacing_extra_small bt_bb_bottom_spacing_normal bt_bb_border_style_none\"><\/div><div class=\"bt_bb_button bt_bb_icon_position_left bt_bb_style_outline bt_bb_size_small bt_bb_width_inline bt_bb_shape_inherit bt_bb_align_inherit\" data-bt-override-class=\"{&quot;bt_bb_size_&quot;:{&quot;current_class&quot;:&quot;bt_bb_size_small&quot;,&quot;xl&quot;:&quot;small&quot;},&quot;bt_bb_align_&quot;:{&quot;current_class&quot;:&quot;bt_bb_align_inherit&quot;,&quot;xl&quot;:&quot;inherit&quot;}}\"><a href=\"https:\/\/www.grada.cz\/jak-zefektivnit-praci-v-tymu\" target=\"_self\" class=\"bt_bb_link\" title=\"Koupit\"><span class=\"bt_bb_button_text\">Koupit<\/span><\/a><\/div><div class=\"bt_bb_separator bt_bb_top_spacing_extra_small bt_bb_bottom_spacing_normal bt_bb_border_style_none\"><\/div><\/div><\/div><\/div><div  class=\"bt_bb_column col-xl-3 bt_bb_align_left bt_bb_vertical_align_top bt_bb_padding_text_indent bt_bb_animation_fade_in bt_bb_animation_move_up animate bt_bb_highlighted_no\" style=\"margin-bottom: 20px;\" data-width=\"3\" data-bt-override-class=\"{}\"><div class=\"bt_bb_column_content\" style=\"background-color:rgba(237, 237, 237, 1);\"><div class=\"bt_bb_column_content_inner\"><div class=\"bt_bb_image btDarkSkin bt_bb_shape_square bt_bb_align_inherit bt_bb_hover_style_simple bt_bb_content_display_show-on-hover bt_bb_content_align_top\" data-bt-override-class=\"{&quot;bt_bb_align_&quot;:{&quot;current_class&quot;:&quot;bt_bb_align_inherit&quot;,&quot;xl&quot;:&quot;inherit&quot;}}\"><a href=\"https:\/\/www.albatrosmedia.cz\/tituly\/23838503\/pruvodce-svetem-koucovani-a-osobnostni-typologie\/\"  target=\"_self\"  title=\"pruvodce\"><img width=\"300\" height=\"423\" src=\"https:\/\/www.coachingsystems.cz\/wp-content\/uploads\/pruvodce.jpg\" class=\"attachment-medium size-medium\" alt=\"https:\/\/www.coachingsystems.cz\/wp-content\/uploads\/pruvodce.jpg\" loading=\"lazy\" data-full_image_src=\"https:\/\/www.coachingsystems.cz\/wp-content\/uploads\/pruvodce.jpg\" title=\"pruvodce\" \/><\/a><\/div><div class=\"bt_bb_separator bt_bb_bottom_spacing_normal bt_bb_border_style_none\"><\/div><header class=\"bt_bb_headline bt_bb_color_scheme_3 bt_bb_dash_top bt_bb_size_normal bt_bb_align_inherit\"><h4><span class=\"bt_bb_headline_content\"><span><a href=\"https:\/\/www.albatrosmedia.cz\/tituly\/23838503\/pruvodce-svetem-koucovani-a-osobnostni-typologie\/\" target=\"_self\" title=\"Pr\u016fvodce sv\u011btem kou\u010dov\u00e1n\u00ed a osobnostn\u00ed typologie\">Pr\u016fvodce sv\u011btem kou\u010dov\u00e1n\u00ed a osobnostn\u00ed typologie<\/a><\/span><\/span><\/h4><\/header><div class=\"bt_bb_separator bt_bb_top_spacing_extra_small bt_bb_bottom_spacing_normal bt_bb_border_style_none\"><\/div><div  class=\"bt_bb_text\" ><\/div><div class=\"bt_bb_separator bt_bb_top_spacing_extra_small bt_bb_bottom_spacing_normal bt_bb_border_style_none\"><\/div><div class=\"bt_bb_button bt_bb_icon_position_left bt_bb_style_outline bt_bb_size_small bt_bb_width_inline bt_bb_shape_inherit bt_bb_align_inherit\" data-bt-override-class=\"{&quot;bt_bb_size_&quot;:{&quot;current_class&quot;:&quot;bt_bb_size_small&quot;,&quot;xl&quot;:&quot;small&quot;},&quot;bt_bb_align_&quot;:{&quot;current_class&quot;:&quot;bt_bb_align_inherit&quot;,&quot;xl&quot;:&quot;inherit&quot;}}\"><a href=\"https:\/\/www.albatrosmedia.cz\/tituly\/23838503\/pruvodce-svetem-koucovani-a-osobnostni-typologie\/\" target=\"_self\" class=\"bt_bb_link\" title=\"Koupit\"><span class=\"bt_bb_button_text\">Koupit<\/span><\/a><\/div><div class=\"bt_bb_separator bt_bb_top_spacing_extra_small bt_bb_bottom_spacing_normal bt_bb_border_style_none\"><\/div><\/div><\/div><\/div><div  class=\"bt_bb_column col-xl-3 bt_bb_align_left bt_bb_vertical_align_top bt_bb_padding_text_indent bt_bb_animation_fade_in bt_bb_animation_move_up animate bt_bb_highlighted_no\" style=\"margin-bottom: 20px;\" data-width=\"3\" data-bt-override-class=\"{}\"><div class=\"bt_bb_column_content\" style=\"background-color:rgba(237, 237, 237, 1);\"><div class=\"bt_bb_column_content_inner\"><\/div><\/div><\/div><div  class=\"bt_bb_column col-xl-3 bt_bb_align_left bt_bb_vertical_align_top bt_bb_padding_text_indent bt_bb_animation_fade_in bt_bb_animation_move_up animate bt_bb_highlighted_no\" style=\"margin-bottom: 20px;\" data-width=\"3\" data-bt-override-class=\"{}\"><div class=\"bt_bb_column_content\" style=\"background-color:rgba(237, 237, 237, 1);\"><div class=\"bt_bb_column_content_inner\"><\/div><\/div><\/div><\/div><\/div><\/div><\/div><\/div><\/section><\/div>","protected":false},"excerpt":{"rendered":"","protected":false},"author":1,"featured_media":4837,"parent":4951,"menu_order":0,"comment_status":"closed","ping_status":"closed","template":"","meta":[],"_links":{"self":[{"href":"https:\/\/www.coachingsystems.cz\/en\/wp-json\/wp\/v2\/pages\/4970"}],"collection":[{"href":"https:\/\/www.coachingsystems.cz\/en\/wp-json\/wp\/v2\/pages"}],"about":[{"href":"https:\/\/www.coachingsystems.cz\/en\/wp-json\/wp\/v2\/types\/page"}],"author":[{"embeddable":true,"href":"https:\/\/www.coachingsystems.cz\/en\/wp-json\/wp\/v2\/users\/1"}],"replies":[{"embeddable":true,"href":"https:\/\/www.coachingsystems.cz\/en\/wp-json\/wp\/v2\/comments?post=4970"}],"version-history":[{"count":1,"href":"https:\/\/www.coachingsystems.cz\/en\/wp-json\/wp\/v2\/pages\/4970\/revisions"}],"predecessor-version":[{"id":4971,"href":"https:\/\/www.coachingsystems.cz\/en\/wp-json\/wp\/v2\/pages\/4970\/revisions\/4971"}],"up":[{"embeddable":true,"href":"https:\/\/www.coachingsystems.cz\/en\/wp-json\/wp\/v2\/pages\/4951"}],"wp:featuredmedia":[{"embeddable":true,"href":"https:\/\/www.coachingsystems.cz\/en\/wp-json\/wp\/v2\/media\/4837"}],"wp:attachment":[{"href":"https:\/\/www.coachingsystems.cz\/en\/wp-json\/wp\/v2\/media?parent=4970"}],"curies":[{"name":"wp","href":"https:\/\/api.w.org\/{rel}","templated":true}]}}