{"id":5061,"date":"2021-05-06T15:32:50","date_gmt":"2021-05-06T15:32:50","guid":{"rendered":"https:\/\/www.coachingsystems.cz\/?page_id=5061"},"modified":"2021-05-06T15:32:50","modified_gmt":"2021-05-06T15:32:50","slug":"current-workshops-online","status":"publish","type":"page","link":"https:\/\/www.coachingsystems.cz\/en\/developmental-programs\/current-workshops-online\/","title":{"rendered":"Current workshops online"},"content":{"rendered":"<div class=\"bt_bb_wrapper\"><section id=\"bt_bb_section69ed2bd04e00a\"  class=\"bt_bb_section bt_bb_top_spacing_extra_small bt_bb_bottom_spacing_extra_large bt_bb_layout_boxed_1200 bt_bb_vertical_align_top bt_bb_highlighted_no\" ><div class=\"bt_bb_port\"><div class=\"bt_bb_cell\"><div class=\"bt_bb_cell_inner\"><div class=\"bt_bb_row_wrapper\"><div  class=\"bt_bb_row\" ><div  class=\"bt_bb_column col-xl-6 col-xs-12 col-sm-6 col-md-6 col-lg-6 bt_bb_align_left bt_bb_vertical_align_top bt_bb_padding_normal bt_bb_animation_fade_in bt_bb_animation_zoom_out animate bt_bb_highlighted_no\"  data-width=\"6\" data-bt-override-class=\"{}\"><div class=\"bt_bb_column_content\"><div class=\"bt_bb_column_content_inner\"><div  class=\"bt_bb_row_inner\" ><div  class=\"bt_bb_column_inner col-xl-6 bt_bb_align_left bt_bb_vertical_align_middle bt_bb_padding_normal bt_bb_highlighted_no\"  data-width=\"6\" data-bt-override-class=\"{}\"><div class=\"bt_bb_column_inner_content\"><div class=\"bt_bb_image bt_bb_shape_square bt_bb_align_inherit bt_bb_hover_style_simple bt_bb_content_display_always bt_bb_content_align_middle\" data-bt-override-class=\"{&quot;bt_bb_align_&quot;:{&quot;current_class&quot;:&quot;bt_bb_align_inherit&quot;,&quot;xl&quot;:&quot;inherit&quot;}}\"><span><img width=\"640\" height=\"640\" src=\"https:\/\/www.coachingsystems.cz\/wp-content\/uploads\/zmena-640x640.jpg\" class=\"attachment-boldthemes_medium_square size-boldthemes_medium_square\" alt=\"https:\/\/www.coachingsystems.cz\/wp-content\/uploads\/zmena-640x640.jpg\" loading=\"lazy\" data-full_image_src=\"https:\/\/www.coachingsystems.cz\/wp-content\/uploads\/zmena.jpg\" title=\"zmena\" srcset=\"https:\/\/www.coachingsystems.cz\/wp-content\/uploads\/zmena-640x640.jpg 640w, https:\/\/www.coachingsystems.cz\/wp-content\/uploads\/zmena-160x160.jpg 160w, https:\/\/www.coachingsystems.cz\/wp-content\/uploads\/zmena-320x320.jpg 320w, https:\/\/www.coachingsystems.cz\/wp-content\/uploads\/zmena-1280x1280.jpg 1280w\" sizes=\"(max-width: 640px) 100vw, 640px\" \/><\/span><\/div><div class=\"bt_bb_separator bt_bb_bottom_spacing_normal bt_bb_border_style_none bt_bb_hidden_md bt_bb_hidden_lg\"><\/div><\/div><\/div><div  class=\"bt_bb_column_inner col-xl-6 bt_bb_align_left bt_bb_vertical_align_middle bt_bb_padding_normal bt_bb_highlighted_no\"  data-width=\"6\" data-bt-override-class=\"{}\"><div class=\"bt_bb_column_inner_content\"><header class=\"bt_bb_headline bt_bb_dash_top bt_bb_size_normal bt_bb_align_inherit\"><h3><span class=\"bt_bb_headline_content\"><span>Jak se neprat se zm\u011bnou<\/span><\/span><\/h3><\/header><div class=\"bt_bb_separator bt_bb_top_spacing_normal bt_bb_bottom_spacing_normal bt_bb_border_style_none\"><\/div><div class=\"bt_bb_button bt_bb_icon_position_left bt_bb_color_scheme_6 bt_bb_style_filled bt_bb_size_small bt_bb_width_inline bt_bb_shape_inherit bt_bb_align_inherit\" data-bt-override-class=\"{}\"><a href=\"https:\/\/www.coachingsystems.cz\/rozvojove-programy-na-miru\/aktualni-kurzy-online\/jak-se-neprat-se-zmenou\/\" target=\"_self\" class=\"bt_bb_link\" title=\"V\u00edce informac\u00ed\"><span class=\"bt_bb_button_text\">V\u00edce informac\u00ed<\/span><\/a><\/div><\/div><\/div><\/div><div class=\"bt_bb_separator bt_bb_bottom_spacing_small bt_bb_border_style_none\"><\/div><\/div><\/div><\/div><div  class=\"bt_bb_column col-xl-6 col-xs-12 col-sm-6 col-md-6 col-lg-6 bt_bb_align_left bt_bb_vertical_align_top bt_bb_padding_normal bt_bb_animation_fade_in bt_bb_animation_zoom_out animate bt_bb_highlighted_no\"  data-width=\"6\" data-bt-override-class=\"{}\"><div class=\"bt_bb_column_content\"><div class=\"bt_bb_column_content_inner\"><div  class=\"bt_bb_row_inner\" ><div  class=\"bt_bb_column_inner col-xl-6 bt_bb_align_left bt_bb_vertical_align_middle bt_bb_padding_normal bt_bb_highlighted_no\"  data-width=\"6\" data-bt-override-class=\"{}\"><div class=\"bt_bb_column_inner_content\"><div class=\"bt_bb_image bt_bb_shape_square bt_bb_align_inherit bt_bb_hover_style_simple bt_bb_content_display_always bt_bb_content_align_middle\" data-bt-override-class=\"{&quot;bt_bb_align_&quot;:{&quot;current_class&quot;:&quot;bt_bb_align_inherit&quot;,&quot;xl&quot;:&quot;inherit&quot;}}\"><span><img width=\"640\" height=\"640\" src=\"https:\/\/www.coachingsystems.cz\/wp-content\/uploads\/spravnycil-640x640.jpg\" class=\"attachment-boldthemes_medium_square size-boldthemes_medium_square\" alt=\"https:\/\/www.coachingsystems.cz\/wp-content\/uploads\/spravnycil-640x640.jpg\" loading=\"lazy\" data-full_image_src=\"https:\/\/www.coachingsystems.cz\/wp-content\/uploads\/spravnycil.jpg\" title=\"spravnycil\" srcset=\"https:\/\/www.coachingsystems.cz\/wp-content\/uploads\/spravnycil-640x640.jpg 640w, https:\/\/www.coachingsystems.cz\/wp-content\/uploads\/spravnycil-160x160.jpg 160w, https:\/\/www.coachingsystems.cz\/wp-content\/uploads\/spravnycil-320x320.jpg 320w, https:\/\/www.coachingsystems.cz\/wp-content\/uploads\/spravnycil-1280x1280.jpg 1280w\" sizes=\"(max-width: 640px) 100vw, 640px\" \/><\/span><\/div><div class=\"bt_bb_separator bt_bb_bottom_spacing_normal bt_bb_border_style_none bt_bb_hidden_md bt_bb_hidden_lg\"><\/div><\/div><\/div><div  class=\"bt_bb_column_inner col-xl-6 bt_bb_align_left bt_bb_vertical_align_middle bt_bb_padding_normal bt_bb_highlighted_no\"  data-width=\"6\" data-bt-override-class=\"{}\"><div class=\"bt_bb_column_inner_content\"><header class=\"bt_bb_headline bt_bb_dash_top bt_bb_size_normal bt_bb_align_inherit\"><h3><span class=\"bt_bb_headline_content\"><span>Spr\u00e1vn\u00fd c\u00edl jako cesta k \u00fasp\u011bchu<br \/>\r\n<\/span><\/span><\/h3><\/header><div class=\"bt_bb_separator bt_bb_top_spacing_small bt_bb_bottom_spacing_normal bt_bb_border_style_none\"><\/div><div class=\"bt_bb_button bt_bb_icon_position_left bt_bb_color_scheme_6 bt_bb_style_filled bt_bb_size_small bt_bb_width_inline bt_bb_shape_inherit bt_bb_align_inherit\" data-bt-override-class=\"{}\"><a href=\"https:\/\/www.coachingsystems.cz\/rozvojove-programy-na-miru\/aktualni-kurzy-online\/spravny-cil-jako-cesta-k-uspechu\/\" target=\"_self\" class=\"bt_bb_link\" title=\"V\u00edce informac\u00ed\"><span class=\"bt_bb_button_text\">V\u00edce informac\u00ed<\/span><\/a><\/div><\/div><\/div><\/div><div class=\"bt_bb_separator bt_bb_bottom_spacing_small bt_bb_border_style_none\"><\/div><\/div><\/div><\/div><\/div><\/div><\/div><\/div><\/div><\/section><\/div>","protected":false},"excerpt":{"rendered":"","protected":false},"author":2,"featured_media":4886,"parent":5058,"menu_order":0,"comment_status":"closed","ping_status":"closed","template":"","meta":[],"_links":{"self":[{"href":"https:\/\/www.coachingsystems.cz\/en\/wp-json\/wp\/v2\/pages\/5061"}],"collection":[{"href":"https:\/\/www.coachingsystems.cz\/en\/wp-json\/wp\/v2\/pages"}],"about":[{"href":"https:\/\/www.coachingsystems.cz\/en\/wp-json\/wp\/v2\/types\/page"}],"author":[{"embeddable":true,"href":"https:\/\/www.coachingsystems.cz\/en\/wp-json\/wp\/v2\/users\/2"}],"replies":[{"embeddable":true,"href":"https:\/\/www.coachingsystems.cz\/en\/wp-json\/wp\/v2\/comments?post=5061"}],"version-history":[{"count":1,"href":"https:\/\/www.coachingsystems.cz\/en\/wp-json\/wp\/v2\/pages\/5061\/revisions"}],"predecessor-version":[{"id":5062,"href":"https:\/\/www.coachingsystems.cz\/en\/wp-json\/wp\/v2\/pages\/5061\/revisions\/5062"}],"up":[{"embeddable":true,"href":"https:\/\/www.coachingsystems.cz\/en\/wp-json\/wp\/v2\/pages\/5058"}],"wp:featuredmedia":[{"embeddable":true,"href":"https:\/\/www.coachingsystems.cz\/en\/wp-json\/wp\/v2\/media\/4886"}],"wp:attachment":[{"href":"https:\/\/www.coachingsystems.cz\/en\/wp-json\/wp\/v2\/media?parent=5061"}],"curies":[{"name":"wp","href":"https:\/\/api.w.org\/{rel}","templated":true}]}}